{"id":2176,"date":"2023-01-22T22:36:06","date_gmt":"2023-01-22T21:36:06","guid":{"rendered":"https:\/\/teste.logicalandlightliving.com\/wp\/?post_type=product&#038;p=2176"},"modified":"2023-11-28T00:00:45","modified_gmt":"2023-11-27T23:00:45","slug":"kit-80-bolas","status":"publish","type":"product","link":"https:\/\/teste.logicalandlightliving.com\/wp\/produto\/kit-80-bolas\/","title":{"rendered":"Kit treino 80 bolas"},"content":{"rendered":"<div class=\"elementor-element elementor-element-760f6560 elementor-widget-tablet__width-initial elementor-widget elementor-widget-heading\" data-id=\"760f6560\" data-element_type=\"widget\" data-widget_type=\"heading.default\">\n<div class=\"elementor-widget-container\">\n<div class=\"elementor-heading-title elementor-size-default\">\n<p>Todas as box&#8217;s PIPE PRESSURE foram projetadas para serem pr\u00e1ticas e de f\u00e1cil utiliza\u00e7\u00e3o.<\/p>\n<\/div>\n<\/div>\n<\/div>\n<div class=\"elementor-element elementor-element-1f241863 elementor-view-framed elementor-vertical-align-middle elementor-widget-tablet__width-initial elementor-widget elementor-widget-icon-box\" data-id=\"1f241863\" data-element_type=\"widget\" data-widget_type=\"icon-box.default\">\n<div class=\"elementor-widget-container\">\n<div class=\"elementor-icon-box-wrapper\">\n<div class=\"elementor-icon-box-content\">\n<h3 class=\"elementor-icon-box-title\">COME\u00c7AR A USAR<\/h3>\n<p class=\"elementor-icon-box-description\">Para p\u00f4r as bolas em press\u00e3o, ap\u00f3s a utiliza\u00e7\u00e3o das bolas (de prefer\u00eancia com bolas novas) abrir a tampa colocar as bolas, enroscar a tampa at\u00e9 sentir que o o-ring de veda\u00e7\u00e3o encostou a boca da box, ap\u00f3s este passo dever\u00e1 apertar a tampa com alguma for\u00e7a at\u00e9 sentir que o o-ring ficou bem apertado (a for\u00e7a da m\u00e3o \u00e9 suficiente para fazer vedar a box).<\/p>\n<\/div>\n<\/div>\n<\/div>\n<\/div>\n<div class=\"elementor-element elementor-element-928bf2c elementor-view-framed elementor-vertical-align-middle elementor-widget-tablet__width-initial elementor-widget elementor-widget-icon-box\" data-id=\"928bf2c\" data-element_type=\"widget\" data-widget_type=\"icon-box.default\">\n<div class=\"elementor-widget-container\">\n<div class=\"elementor-icon-box-wrapper\">\n<div class=\"elementor-icon-box-content\">\n<h3 class=\"elementor-icon-box-title\">COMO P\u00d4R EM PRESS\u00c3O<\/h3>\n<p class=\"elementor-icon-box-description\">Na v\u00e1lvula de enchimento colar a bomba, encher at\u00e9 que a v\u00e1lvula indicadora de press\u00e3o fique completamente verde tapando as outras cores, assim que ficar toda verde dever\u00e1 parar de encher a box, (est\u00e1 com a press\u00e3o correta).<\/p>\n<\/div>\n<\/div>\n<\/div>\n<\/div>\n<div class=\"elementor-element elementor-element-cf9599a elementor-view-framed elementor-vertical-align-middle elementor-widget-tablet__width-initial elementor-widget elementor-widget-icon-box\" data-id=\"cf9599a\" data-element_type=\"widget\" data-widget_type=\"icon-box.default\">\n<div class=\"elementor-widget-container\">\n<div class=\"elementor-icon-box-wrapper\">\n<div class=\"elementor-icon-box-content\">\n<h3 class=\"elementor-icon-box-title\">COMO ABRIR A BOX<\/h3>\n<p class=\"elementor-icon-box-description\">Para abrir a box, com a parte de tr\u00e1s da tampa da v\u00e1lvula de enchimento pressionar o interior da v\u00e1lvula at\u00e9 sair todo o ar, (s\u00f3 ap\u00f3s sair todo o ar \u00e9 que a box est\u00e1 pronta a abrir), desapertar a tampa retirar as bolas. A tampa da box est\u00e1 equipada com duas sali\u00eancias em metal para se necess\u00e1rio ajudar a desapertar na rede de jogo.<\/p>\n<p>*NOTA:* A BOX NUNCA DEVE SER FOR\u00c7ADA NA ABERTURA SEM ANTES RETIRAR TODO O AR.<\/p>\n<\/div>\n<\/div>\n<\/div>\n<\/div>\n","protected":false},"excerpt":{"rendered":"<p>Kit de treino com capacidade para 80 bolas.<\/p>\n<p>As box&#8217;s PIPE PRESSURE est\u00e3o equipadas com 2 v\u00e1lvulas, uma de enchimento outra com uma v\u00e1lvula de indica\u00e7\u00e3o de press\u00e3o.<\/p>\n","protected":false},"featured_media":2704,"comment_status":"closed","ping_status":"closed","template":"","meta":{"_themeisle_gutenberg_block_has_review":false,"_joinchat":[]},"product_cat":[54],"product_tag":[],"class_list":{"0":"post-2176","1":"product","2":"type-product","3":"status-publish","4":"has-post-thumbnail","6":"product_cat-kit","8":"first","9":"instock","10":"taxable","11":"shipping-taxable","12":"purchasable","13":"product-type-simple"},"jetpack_sharing_enabled":true,"_links":{"self":[{"href":"https:\/\/teste.logicalandlightliving.com\/wp\/wp-json\/wp\/v2\/product\/2176","targetHints":{"allow":["GET"]}}],"collection":[{"href":"https:\/\/teste.logicalandlightliving.com\/wp\/wp-json\/wp\/v2\/product"}],"about":[{"href":"https:\/\/teste.logicalandlightliving.com\/wp\/wp-json\/wp\/v2\/types\/product"}],"replies":[{"embeddable":true,"href":"https:\/\/teste.logicalandlightliving.com\/wp\/wp-json\/wp\/v2\/comments?post=2176"}],"version-history":[{"count":3,"href":"https:\/\/teste.logicalandlightliving.com\/wp\/wp-json\/wp\/v2\/product\/2176\/revisions"}],"predecessor-version":[{"id":2899,"href":"https:\/\/teste.logicalandlightliving.com\/wp\/wp-json\/wp\/v2\/product\/2176\/revisions\/2899"}],"wp:featuredmedia":[{"embeddable":true,"href":"https:\/\/teste.logicalandlightliving.com\/wp\/wp-json\/wp\/v2\/media\/2704"}],"wp:attachment":[{"href":"https:\/\/teste.logicalandlightliving.com\/wp\/wp-json\/wp\/v2\/media?parent=2176"}],"wp:term":[{"taxonomy":"product_cat","embeddable":true,"href":"https:\/\/teste.logicalandlightliving.com\/wp\/wp-json\/wp\/v2\/product_cat?post=2176"},{"taxonomy":"product_tag","embeddable":true,"href":"https:\/\/teste.logicalandlightliving.com\/wp\/wp-json\/wp\/v2\/product_tag?post=2176"}],"curies":[{"name":"wp","href":"https:\/\/api.w.org\/{rel}","templated":true}]}}